{"id":69,"date":"2022-03-21T07:46:36","date_gmt":"2022-03-21T07:46:36","guid":{"rendered":"https:\/\/aluminiosiregua.com\/?page_id=69"},"modified":"2022-03-21T07:52:37","modified_gmt":"2022-03-21T07:52:37","slug":"inicio","status":"publish","type":"page","link":"https:\/\/aluminiosiregua.com\/","title":{"rendered":"Inicio"},"content":{"rendered":"\n<p>Empresa creada en a\u00f1o 2000 para realizaci\u00f3n de Montaje de Puertas, Ventanas y Cerramientos.<\/p>\n\n\n\n<p>Durante estos a\u00f1os se ha desarrollado la actividad en estos proyectos, teniendo una experiencia T\u00e9cnica en:<\/p>\n\n\n\n<p>*Dise\u00f1o de Ventanas especiales, adaptables e integradas en los edificios y espacios.<\/p>\n\n\n\n<p>*Materiales de calidad en las Instalaciones.<\/p>\n\n\n\n<p>*Instalaci\u00f3n con profesionalidad y rapidez en la Instalaci\u00f3n de los elementos.<\/p>\n\n\n\n<div class=\"wp-block-image\"><figure class=\"aligncenter size-large is-resized\"><img loading=\"lazy\" decoding=\"async\" src=\"https:\/\/aluminiosiregua.com\/wp-content\/uploads\/2022\/03\/pabellon-2-1024x768.jpeg\" alt=\"\" class=\"wp-image-71\" width=\"331\" height=\"248\" srcset=\"https:\/\/aluminiosiregua.com\/wp-content\/uploads\/2022\/03\/pabellon-2-1024x768.jpeg 1024w, https:\/\/aluminiosiregua.com\/wp-content\/uploads\/2022\/03\/pabellon-2-300x225.jpeg 300w, https:\/\/aluminiosiregua.com\/wp-content\/uploads\/2022\/03\/pabellon-2-768x576.jpeg 768w, https:\/\/aluminiosiregua.com\/wp-content\/uploads\/2022\/03\/pabellon-2-1536x1152.jpeg 1536w, https:\/\/aluminiosiregua.com\/wp-content\/uploads\/2022\/03\/pabellon-2.jpeg 1600w\" sizes=\"auto, (max-width: 331px) 100vw, 331px\" \/><figcaption>Nuestra instalaci\u00f3n.<\/figcaption><\/figure><\/div>\n","protected":false},"excerpt":{"rendered":"<p>Empresa creada en a\u00f1o 2000 para realizaci\u00f3n de Montaje de Puertas, Ventanas y Cerramientos. Durante estos a\u00f1os se ha desarrollado la actividad en estos proyectos, teniendo una experiencia T\u00e9cnica en: *Dise\u00f1o de Ventanas especiales, adaptables e integradas en los edificios y espacios. *Materiales de calidad en las Instalaciones. *Instalaci\u00f3n con profesionalidad y rapidez en la [&hellip;]<\/p>\n","protected":false},"author":1,"featured_media":0,"parent":0,"menu_order":0,"comment_status":"closed","ping_status":"closed","template":"","meta":{"footnotes":""},"class_list":["post-69","page","type-page","status-publish","hentry"],"_links":{"self":[{"href":"https:\/\/aluminiosiregua.com\/index.php\/wp-json\/wp\/v2\/pages\/69","targetHints":{"allow":["GET"]}}],"collection":[{"href":"https:\/\/aluminiosiregua.com\/index.php\/wp-json\/wp\/v2\/pages"}],"about":[{"href":"https:\/\/aluminiosiregua.com\/index.php\/wp-json\/wp\/v2\/types\/page"}],"author":[{"embeddable":true,"href":"https:\/\/aluminiosiregua.com\/index.php\/wp-json\/wp\/v2\/users\/1"}],"replies":[{"embeddable":true,"href":"https:\/\/aluminiosiregua.com\/index.php\/wp-json\/wp\/v2\/comments?post=69"}],"version-history":[{"count":2,"href":"https:\/\/aluminiosiregua.com\/index.php\/wp-json\/wp\/v2\/pages\/69\/revisions"}],"predecessor-version":[{"id":80,"href":"https:\/\/aluminiosiregua.com\/index.php\/wp-json\/wp\/v2\/pages\/69\/revisions\/80"}],"wp:attachment":[{"href":"https:\/\/aluminiosiregua.com\/index.php\/wp-json\/wp\/v2\/media?parent=69"}],"curies":[{"name":"wp","href":"https:\/\/api.w.org\/{rel}","templated":true}]}}